{"id":683,"date":"2012-12-12T14:56:45","date_gmt":"2012-12-12T12:56:45","guid":{"rendered":"http:\/\/www.extetika.it\/?page_id=683"},"modified":"2012-12-12T14:56:45","modified_gmt":"2012-12-12T12:56:45","slug":"stone-massage","status":"publish","type":"page","link":"https:\/\/www.extetika.it\/?page_id=683","title":{"rendered":"Stone Massage"},"content":{"rendered":"<p style=\"text-align: justify;\">Letteralmente lo <strong>stone massage<\/strong> \u00e8 il massaggio con le pietre in quanto utilizza pietre laviche basaltiche calde o fredde con numerosi effetti benefici localizzati e in grado di dare un grande senso di benessere e un profondo rilassamento.<br \/>\nIn caso di trattamento di lesioni muscolari o infiammazioni, si possono utilizzare pietre laviche calde alternate a pietre fredde. Questo trattamento provoca un tipo di \u201cginnastica vascolare\u201d termo-terapeutica del sistema circolatorio. Il caldo ha un effetto di vasodilatazione, il freddo di vasocostrizione. L\u2019alternanza ha un effetto sedativo sul sistema nervoso. Le pietre fredde causano un restringimento dei vasi sanguigni, stimolando la circolazione interna. Ci\u00f2 assicura che le cellule del corpo ricevano pi\u00f9 ossigeno e nutrienti e che pi\u00f9 tossine siano rimosse.<\/p>\n<p style=\"text-align: justify;\"><a href=\"http:\/\/www.extetika.it\/wp-content\/uploads\/2012\/12\/stone.jpg\"><img loading=\"lazy\" decoding=\"async\" class=\"aligncenter  wp-image-685\" title=\"stone\" src=\"http:\/\/www.extetika.it\/wp-content\/uploads\/2012\/12\/stone.jpg\" alt=\"\" width=\"336\" height=\"250\" srcset=\"https:\/\/www.extetika.it\/wp-content\/uploads\/2012\/12\/stone-79x60.jpg 79w, https:\/\/www.extetika.it\/wp-content\/uploads\/2012\/12\/stone-110x83.jpg 110w\" sizes=\"auto, (max-width: 336px) 100vw, 336px\" \/><\/a><\/p>\n","protected":false},"excerpt":{"rendered":"<p>Letteralmente lo stone massage \u00e8 il massaggio con le pietre in quanto utilizza pietre laviche basaltiche calde o fredde con numerosi effetti benefici localizzati e in grado di dare un &hellip; <\/p>\n","protected":false},"author":1,"featured_media":0,"parent":84,"menu_order":0,"comment_status":"closed","ping_status":"closed","template":"","meta":{"footnotes":""},"class_list":["post-683","page","type-page","status-publish","hentry"],"_links":{"self":[{"href":"https:\/\/www.extetika.it\/index.php?rest_route=\/wp\/v2\/pages\/683","targetHints":{"allow":["GET"]}}],"collection":[{"href":"https:\/\/www.extetika.it\/index.php?rest_route=\/wp\/v2\/pages"}],"about":[{"href":"https:\/\/www.extetika.it\/index.php?rest_route=\/wp\/v2\/types\/page"}],"author":[{"embeddable":true,"href":"https:\/\/www.extetika.it\/index.php?rest_route=\/wp\/v2\/users\/1"}],"replies":[{"embeddable":true,"href":"https:\/\/www.extetika.it\/index.php?rest_route=%2Fwp%2Fv2%2Fcomments&post=683"}],"version-history":[{"count":1,"href":"https:\/\/www.extetika.it\/index.php?rest_route=\/wp\/v2\/pages\/683\/revisions"}],"predecessor-version":[{"id":686,"href":"https:\/\/www.extetika.it\/index.php?rest_route=\/wp\/v2\/pages\/683\/revisions\/686"}],"up":[{"embeddable":true,"href":"https:\/\/www.extetika.it\/index.php?rest_route=\/wp\/v2\/pages\/84"}],"wp:attachment":[{"href":"https:\/\/www.extetika.it\/index.php?rest_route=%2Fwp%2Fv2%2Fmedia&parent=683"}],"curies":[{"name":"wp","href":"https:\/\/api.w.org\/{rel}","templated":true}]}}