{"id":1015,"date":"2020-06-12T14:06:05","date_gmt":"2020-06-12T13:06:05","guid":{"rendered":"http:\/\/www.extetika.it\/?page_id=1015"},"modified":"2023-05-16T16:16:52","modified_gmt":"2023-05-16T15:16:52","slug":"informativa-privacy-e-cookie","status":"publish","type":"page","link":"http:\/\/www.extetika.it\/?page_id=1015","title":{"rendered":"Informativa privacy e cookie"},"content":{"rendered":"\n<p class=\"has-text-align-center\"><strong>INFORMATIVA PRIVACY (semplificata)<\/strong><\/p>\n\n\n\n<p>Lo scopo dell&#8217;informativa privacy \u00e8 di fornire la massima trasparenza relativamente alle informazioni che il sito raccoglie e come le usa.<\/p>\n\n\n\n<p>In ottemperanza degli obblighi derivanti dalla normativa nazionale (D. Lgs 30 giugno 2003 n. 196, Codice in materia di protezione dei dati personali, e successive modifiche) e europea (Regolamento europeo per la protezione dei dati personali n. 679\/2016, GDPR), il presente sito rispetta e tutela la riservatezza dei visitatori e degli utenti, ponendo in essere ogni sforzo possibile e proporzionato per non ledere i diritti degli utenti.&nbsp;<\/p>\n\n\n\n<p>Il presente sito&nbsp;<strong>non pubblica annunci pubblicitari, non usa dati a fini di invio di pubblicit\u00e0<\/strong>, per\u00f2 fa uso di&nbsp;<strong>servizi di terze parti<\/strong>&nbsp;al fine di migliorare l&#8217;utilizzo del sito, terze parti che potrebbero raccogliere dati degli utenti e poi usarli per inviare annunci pubblicitari personalizzati su altri siti. Tuttavia&nbsp;<strong>il presente sito pone in essere ogni sforzo possibile per tutelare la privacy degli utenti e minimizzare la raccolta dei dati personali<\/strong>. Ad esempio, il sito usa in alcuni casi<strong>&nbsp;video di YouTube<\/strong>, i quali sono impostati in modo da non inviare cookie (e quindi non raccogliere dati) fino a quando l&#8217;utente non avvia il video. Potete osservare, infatti, che al posto del video c&#8217;\u00e8 solo un segnaposto (<em>placeholder<\/em>). Il sito usa anche&nbsp;<strong>plugin sociali<\/strong>&nbsp;per semplificare la condivisione degli articoli sui social network. Tali plugin sono configurati in modo che inviino cookie (e quindi eventualmente raccolgano dati) solo dopo che l&#8217;utente ha cliccato sul plugin.&nbsp;<\/p>\n\n\n\n<p>Per ulteriori informazioni sul trattamento dei dati personali potete leggere l&#8217;informativa completa qui sotto.&nbsp;<\/p>\n\n\n\n<p class=\"has-text-align-center\"><strong>Informativa completa<\/strong><\/p>\n\n\n\n<p class=\"has-text-align-center\"><strong>Soggetti del trattamento<\/strong><\/p>\n\n\n\n<p><strong>&nbsp;Titolare<\/strong>&nbsp;del trattamento ai sensi delle leggi vigenti \u00e8 l&#8217;amministratore del sito, Cinzia Mattioli, contattabile al numero <a href=\"tel:073221739\">073221739<\/a> o tramite E-mail <a href=\"mailto:info@extetika.it\">info@extetika.it<\/a>.<\/p>\n\n\n\n<p class=\"has-text-align-center\"><strong>Base giuridica del trattamento<\/strong><\/p>\n\n\n\n<p>Il presente sito tratta i dati prevalentemente in base al&nbsp;<strong>consenso<\/strong>&nbsp;degli utenti. Il conferimento del consenso avviene tramite il banner posto in fondo alla pagina, oppure tramite l\u2019uso o la consultazione del sito, quale comportamento concludente. Con l&#8217;uso o la consultazione del sito i visitatori e gli utenti approvano la presente informativa privacy e acconsentono al trattamento dei loro dati personali in relazione alle modalit\u00e0 e alle finalit\u00e0 di seguito descritte, compreso l&#8217;eventuale diffusione a terzi se necessaria per l&#8217;erogazione di un servizio. Tramite i moduli di comunicazione o di richiesta di servizi vengono raccolti ulteriori consensi relativi alla finalit\u00e0 specifica del servizio.<\/p>\n\n\n\n<p>Il conferimento dei dati e quindi il consenso alla raccolta e al trattamento dei dati \u00e8 facoltativo.&nbsp;<strong>L&#8217;Utente pu\u00f2 negare il consenso, e pu\u00f2 revocare in qualsiasi momento un consenso gi\u00e0 fornito<\/strong>&nbsp;(tramite il banner posto a fondo pagina o le impostazioni del browser per i cookie, o il link Contatti). Tuttavia negare il consenso pu\u00f2 comportare l&#8217;impossibilit\u00e0 di erogare alcuni servizi e l&#8217;esperienza di navigazione nel sito sarebbe compromessa.&nbsp;&nbsp;<\/p>\n\n\n\n<p>I&nbsp;dati per la sicurezza del sito e per la prevenzione da abusi e SPAM, nonch\u00e9 i dati per l\u2019analisi del traffico del sito (statistica) in forma aggregata, sono trattati in base al&nbsp;<strong>legittimo interesse<\/strong>&nbsp;del Titolare del trattamento alla tutela del sito e degli utenti stessi. In tali casi l&#8217;utente ha sempre il diritto di opporsi al trattamento dei dati (vedi par.&nbsp;<strong>Diritti dell&#8217;utente<\/strong>).&nbsp;<\/p>\n\n\n\n<p>I dati forniti per consulenze o incarichi professionali sono trattati in base all&#8217;<strong>adempimento di un contratto e l&#8217;adempimento di un obbligo legale<\/strong>. In tali casi viene fornita apposita informativa.&nbsp;<\/p>\n\n\n\n<p><strong>Finalit\u00e0 del trattamento<\/strong><\/p>\n\n\n\n<p>&nbsp;Il trattamento dei dati raccolti dal sito, oltre alle finalit\u00e0 connesse, strumentali e necessarie alla fornitura del servizio, \u00e8 volto alle seguenti finalit\u00e0:<\/p>\n\n\n\n<p>\u2013&nbsp;<strong>Statistica (analisi)<\/strong><br \/>Raccolta di dati e informazioni in forma esclusivamente aggregata e anonima al fine di verificare il corretto funzionamento del sito. Nessuna di queste informazioni \u00e8 correlata alla persona fisica-Utente del sito, e non ne consentono in alcun modo l&#8217;identificazione. Non occorre il consenso.<\/p>\n\n\n\n<p>\u2013&nbsp;<strong>Sicurezza<\/strong><br \/>Raccolta di dati e informazioni al fine di tutelare la sicurezza del sito (filtri antispam, firewall, rilevazione virus) e degli Utenti e per prevenire o smascherare frodi o abusi a danno del sito web. I dati sono registrati automaticamente e possono eventualmente comprendere anche dati personali (indirizzo Ip) che potrebbero essere utilizzati, conformemente alle leggi vigenti in materia, al fine di bloccare tentativi di danneggiamento al sito medesimo o di recare danno ad altri utenti, o comunque attivit\u00e0 dannose o costituenti reato. Tali dati non sono mai utilizzati per l&#8217;identificazione o la profilazione dell&#8217;Utente e vengono cancellati periodicamente. Non occorre il consenso.&nbsp;<\/p>\n\n\n\n<p>&#8211;&nbsp;<strong>Attivit\u00e0 accessorie<\/strong><br \/>Comunicare i dati a terze parti che svolgono funzioni necessarie o strumentali all&#8217;operativit\u00e0 del servizio (es. box commenti), e per consentire a terze parti di svolgere attivit\u00e0 tecniche, logistiche e di altro tipo per nostro conto. I fornitori hanno accesso solo ai dati personali che sono necessari per svolgere i propri compiti, e si impegnano a non utilizzare i dati per altri scopi, e sono tenuti a trattare i dati personali in conformit\u00e0 delle normative vigenti.<\/p>\n\n\n\n<p class=\"has-text-align-center\"><strong>Dati raccolti<\/strong><\/p>\n\n\n\n<p>&nbsp;Il presente sito raccoglie dati degli utenti in\ndue modi.<\/p>\n\n\n\n<p>&#8211;&nbsp;<strong>Dati raccolti in maniera automatizzata<\/strong><\/p>\n\n\n\n<p>Durante la navigazione degli Utenti possono essere raccolte le seguenti informazioni che vengono conservate nei file di log del server (hosting) del sito:<\/p>\n\n\n\n<p>&#8211; indirizzo internet\nprotocol (IP);<br \/>\n&#8211; tipo di browser;<br \/>\n&#8211; parametri del dispositivo usato per connettersi al sito;<br \/>\n&#8211; nome dell&#8217;internet service provider (ISP);<br \/>\n&#8211; data e orario di visita;<br \/>\n&#8211; pagina web di provenienza del visitatore (referral) e di uscita;<br \/>\n&#8211; eventualmente il numero di click.<\/p>\n\n\n\n<p>Questi dati sono utilizzati a fini di statistica e\nanalisi, in forma esclusivamente aggregata. L\u2019indirizzo IP \u00e8 utilizzato\nesclusivamente a fini di sicurezza e non \u00e8 incrociato con nessun altro dato.<\/p>\n\n\n\n<p>&#8211;&nbsp;<strong>Dati conferiti volontariamente<\/strong><\/p>\n\n\n\n<p>Il sito pu\u00f2 raccogliere altri dati in caso di utilizzo\nvolontario di servizi da parte degli utenti, quali servizi di commenti, di\ncomunicazione (moduli per contatti, box commenti), e verranno utilizzati\nesclusivamente per l&#8217;erogazione del servizio richiesto:&nbsp;<\/p>\n\n\n\n<p> &#8211; nome;&nbsp;<br \/> &#8211; indirizzo email;&nbsp;<br \/> &#8211; eventuali dati ulteriori inviati spontaneamente dall&#8217;utente.&nbsp;<\/p>\n\n\n\n<p class=\"has-text-align-center\"><strong>Luogo del trattamento<\/strong><\/p>\n\n\n\n<p>I dati sono trattati presso FaberSoft di Burattini\nGabriele &amp;C snc Piazzale Matteotti, 21 60044 Fabriano (AN)\n, la sede del Titolare del Trattamento, e presso il datacenter del web Hosting che\nsi trova nello Spazio Economico Europeo e agisce in conformit\u00e0 delle norme\neuropee.<\/p>\n\n\n\n<p class=\"has-text-align-center\"><strong>Periodo di conservazione dei dati<\/strong><\/p>\n\n\n\n<p>&nbsp;I dati raccolti dal sito durante il suo\nfunzionamento sono conservati per il tempo strettamente necessario a svolgere\nle attivit\u00e0 precisate. Alla scadenza i dati saranno cancellati o anonimizzati,\na meno che non sussistano ulteriori finalit\u00e0 per la conservazione degli stessi.<\/p>\n\n\n\n<p>I dati (indirizzo IP) utilizzati a fini di sicurezza\ndel sito (blocco tentativi di danneggiare il sito) sono conservati per 30\ngiorni.&nbsp;<\/p>\n\n\n\n<p><br \/>\nI dati per finalit\u00e0 di analytics (statistica) sono conservati in forma\naggregata per 24 mesi.&nbsp;<\/p>\n\n\n\n<p class=\"has-text-align-center\"><strong>Trasferimento dei dati raccolti a\nterze parti<\/strong><\/p>\n\n\n\n<p>I dati rilevati dal sito generalmente non vengono\nforniti a terzi, tranne che in casi specifici: legittima richiesta da parte\ndell\u2019autorit\u00e0 giudiziaria e nei soli casi previsti dalla legge; qualora sia\nnecessario per la fornitura di uno specifico servizio richiesto dell&#8217;Utente;\nper l&#8217;esecuzione di controlli di sicurezza o di ottimizzazione del sito.<\/p>\n\n\n\n<p class=\"has-text-align-center\"><strong>Trasferimento dei dati in paesi\nextra UE<\/strong><\/p>\n\n\n\n<p>Il presente sito potrebbe condividere alcuni dei dati\nraccolti con servizi localizzati al di fuori dell&#8217;area dell&#8217;Unione Europea. In\nparticolare con Google, Facebook e Microsoft (LinkedIn) tramite i social plugin\ne il servizio di Google Analytics. Il trasferimento \u00e8 autorizzato in base a\nspecifiche&nbsp;<a href=\"http:\/\/www.garanteprivacy.it\/home\/provvedimenti-normativa\/normativa\/normativa-comunitaria-e-intenazionale\/trasferimento-dei-dati-verso-paesi-terzi\" target=\"_blank\" rel=\"noreferrer noopener\">decisioni dell&#8217;Unione Europea e del Garante per la tutela\ndei dati personali<\/a>, in particolare la decisione 1250\/2016 (<a href=\"http:\/\/eur-lex.europa.eu\/legal-content\/IT\/TXT\/?uri=CELEX%3A32016D1250\" target=\"_blank\" rel=\"noreferrer noopener\">Privacy Shield<\/a>&nbsp;&#8211; qui la&nbsp;<a href=\"http:\/\/www.garanteprivacy.it\/web\/guest\/home\/docweb\/-\/docweb-display\/docweb\/5306161\" target=\"_blank\" rel=\"noreferrer noopener\">pagina\ninformativa del Garante italiano<\/a>), per cui non occorre ulteriore\nconsenso.&nbsp;Le aziende sopra menzionate garantiscono la propria adesione al\nPrivacy Shield.<\/p>\n\n\n\n<p class=\"has-text-align-center\"><strong>Misure di sicurezza<\/strong><\/p>\n\n\n\n<p>Trattiamo i dati dei visitatori\/utenti in maniera lecita e corretta, adottando le opportune misure di sicurezza volte ad impedire accessi non autorizzati, divulgazione, modifica o distruzione non autorizzata dei dati. Ci impegniamo a tutelare la sicurezza dei tuoi dati personali durante il loro invio, utilizzando il software Secure Sockets Layer (SSL), che cripta le informazioni in transito. Il trattamento viene effettuato mediante strumenti informatici e\/o telematici, con modalit\u00e0 organizzative e con logiche strettamente correlate alle finalit\u00e0 indicate. Oltre al Titolare, in alcuni casi, potrebbero avere accesso ai dati categorie di incaricati coinvolti nell\u2019organizzazione del sito ovvero soggetti esterni (come fornitori di servizi tecnici terzi, hosting provider).&nbsp;<\/p>\n\n\n\n<p class=\"has-text-align-center\"><strong>Cookie<\/strong><\/p>\n\n\n\n<p>Questo sito fa uso di cookie, file di testo che\nvengono registrati sul terminale dell&#8217;utente oppure che consentono l&#8217;accesso ad\ninformazioni sul terminale dell&#8217;utente. I cookie permettono di conservare\ninformazioni sulle preferenze dei visitatori, sono utilizzati al fine di\nverificare il corretto funzionamento del sito e di migliorarne le funzionalit\u00e0\npersonalizzando il contenuto delle pagine in base al tipo del browser\nutilizzato, oppure per semplificarne la navigazione automatizzando le procedure\n(es. Login, lingua sito), ed infine per l&#8217;analisi dell&#8217;uso del sito da parte\ndei visitatori.<\/p>\n\n\n\n<p>Il presente sito fa uso delle seguenti categorie di\ncookie:<\/p>\n\n\n\n<p>&#8211;&nbsp;<strong>cookie tecnici<\/strong>, utilizzati al solo fine\ndi effettuare la trasmissione di una comunicazione elettronica, per garantire\nla corretta visualizzazione del sito e la navigazione all\u2019interno di esso.\nInoltre, consentono di distinguere tra i vari utenti collegati al fine di\nfornire un servizio richiesto all\u2019utente giusto (Login), e per motivi di\nsicurezza del sito. Alcuni di questi cookie sono eliminati alla chiusura del\nbrowser (cookie di sessione), altri hanno una durata maggiore (come ad esempio\nil cookie necessario per conservazione il consenso dell\u2019utente in relazione\nall\u2019uso dei cookie, che dura 1 anno). Per questi cookie non occorre consenso;<\/p>\n\n\n\n<p>&#8211;&nbsp;<strong>cookie di analisi<\/strong>, utilizzati\ndirettamente dal gestore del sito per raccogliere informazioni, in forma\naggregata, sul numero degli utenti e su come questi visitano il sito stesso.\nSono assimilati ai cookie tecnici se il servizio \u00e8 anonimizzato.<\/p>\n\n\n\n<p>&#8211;&nbsp;<strong>cookie di profilazione e marketing<\/strong>,\nutilizzati esclusivamente da terze parti diverse dal titolare del presente sito\nper raccogliere informazioni sul comportamento deli utenti durante la\nnavigazione, e sugli interessi e abitudini di consumo, anche al fine di fornire\npubblicit\u00e0 personalizzata.&nbsp;<\/p>\n\n\n\n<p>Cliccando&nbsp;<strong>OK sul banner<\/strong>&nbsp;presente al\nprimo accesso al sito oppure&nbsp;<strong>navigando il sito<\/strong>, il visitatore\nacconsente espressamente all&#8217;uso dei cookie e delle tecnologie similari, e in\nparticolare alla registrazione di tali cookie sul suo terminale per le finalit\u00e0\nsopra indicate, oppure all&#8217;accesso tramite i cookie ad informazioni sul suo\nterminale.<\/p>\n\n\n\n<p class=\"has-text-align-center\"><strong>Disabilitazione cookie<\/strong><\/p>\n\n\n\n<p>L&#8217;utente pu\u00f2 rifiutare l&#8217;utilizzo dei cookie e in\nqualsiasi momento pu\u00f2 revocare un consenso gi\u00e0 fornito. Poich\u00e9 i cookie sono\ncollegati al browser utilizzato,&nbsp;<strong>POSSONO ESSERE DISABILITATI\nDIRETTAMENTE DAL BROWSER<\/strong>, cos\u00ec rifiutando \/ revocando il consenso all&#8217;uso\ndei cookie, oppure tramite il&nbsp;<strong>banner posto a fondo pagina<\/strong>.<\/p>\n\n\n\n<p>LA DISABILITAZIONE DEI COOKIE POTREBBE IMPEDIRE IL\nCORRETTO UTILIZZO DI ALCUNE FUNZIONI DEL SITO STESSO, in particolare i servizi\nforniti da terze parti potrebbero non essere accessibili, e quindi potrebbero\nnon essere visualizzabili:<\/p>\n\n\n\n<p> &#8211; video di YouTube o altri servizi di condivisione video;<br \/> &#8211; i social button dei social network;<br \/> &#8211; le mappe di Google.<\/p>\n\n\n\n<p> Le istruzioni per la disabilitazione dei cookies si trovano alle seguenti pagine web:&nbsp;<\/p>\n\n\n\n<p><a href=\"https:\/\/support.mozilla.org\/it\/kb\/Attivare%20e%20disattivare%20i%20cookie\" target=\"_blank\" rel=\"noreferrer noopener\">Mozilla Firefox<\/a>&nbsp;&#8211;&nbsp;<a href=\"https:\/\/support.microsoft.com\/it-it\/help\/17442\/windows-internet-explorer-delete-manage-cookies\" target=\"_blank\" rel=\"noreferrer noopener\">Microsoft Internet\nExplorer<\/a>&nbsp;&#8211;&nbsp;<a href=\"https:\/\/support.microsoft.com\/it-it\/help\/4027947\/windows-delete-cookies\" target=\"_blank\" rel=\"noreferrer noopener\">Microsoft Edge<\/a>&nbsp;&#8211;&nbsp;<a href=\"https:\/\/support.google.com\/chrome\/answer\/95647?hl=it\" target=\"_blank\" rel=\"noreferrer noopener\">Google Chrome<\/a>&nbsp;&#8211;&nbsp;<a href=\"https:\/\/www.opera.com\/it\/privacy\/cookies\" target=\"_blank\" rel=\"noreferrer noopener\">Opera<\/a>&nbsp;&#8211;&nbsp;<a href=\"https:\/\/support.apple.com\/it-it\/HT201265\" target=\"_blank\" rel=\"noreferrer noopener\">Apple Safari<\/a>&nbsp;<\/p>\n\n\n\n<p class=\"has-text-align-center\"><strong>Cookie di terze parti<\/strong><\/p>\n\n\n\n<p>Questo sito funge anche da intermediario per cookie di\nterze parti (come i pulsanti per i social network), utilizzati per poter\nfornire ulteriori servizi e funzionalit\u00e0 ai visitatori e per semplificare l&#8217;uso\ndel sito stesso, o per fornire pubblicit\u00e0 personalizzata. Questo sito non ha\nalcun controllo sui loro cookie interamente gestiti dalle terze parti e non ha\naccesso alle informazioni raccolte tramite detti cookie. Le informazioni\nsull&#8217;uso dei detti cookie e sulle finalit\u00e0 degli stessi, nonch\u00e9 sulle modalit\u00e0\nper l&#8217;eventuale disabilitazione, sono fornite direttamente dalle terze parti\nalle pagine indicate di seguito.<\/p>\n\n\n\n<p>Si rammenta che generalmente il tracciamento degli\nutenti non comporta identificazione dello stesso, a meno che l&#8217;Utente non sia\ngi\u00e0 iscritto al servizio e non sia anche gi\u00e0 loggato, nel qual caso si intende\nche l&#8217;Utente ha gi\u00e0 espresso il suo consenso direttamente alla terza parte al\nmomento dell&#8217;iscrizione al relativo servizio (es. Facebook).<\/p>\n\n\n\n<p>Il presente sito utilizza cookie delle seguenti terze\nparti.<\/p>\n\n\n\n<p>&#8211;&nbsp;<strong>Google Ireland ltd<\/strong><\/p>\n\n\n\n<p>&nbsp;Per informazioni sull&#8217;uso dei dati e sul loro trattamento da parte di Google Ireland ltd si raccomanda di prendere visione dell\u2019<a rel=\"noreferrer noopener\" href=\"https:\/\/policies.google.com\/privacy?hl=it\" target=\"_blank\">informativa privacy di Google<\/a>&nbsp;e delle&nbsp;<a rel=\"noreferrer noopener\" href=\"https:\/\/policies.google.com\/technologies\/partner-sites?hl=it\" target=\"_blank\">Modalit\u00e0 di utilizzo dei dati da parte di Google quando si utilizzano siti o app dei partner<\/a>.&nbsp;<\/p>\n\n\n\n<p>&#8211;&nbsp;<strong>Google<\/strong>&nbsp;<strong>Analytics<\/strong>: utilizzato\nper analizzare l\u2019uso del sito da parte degli utenti, compilare report sulle\nattivit\u00e0 del sito e il comportamento degli utenti, verificare quanto spesso gli\nutenti visitano il sito, come il sito viene rintracciato e quali pagine sono\nvisitate pi\u00f9 frequentemente. Le informazioni sono combinate con informazioni\nraccolte da altri siti al fine di creare un quadro comparativo dell&#8217;uso del\nsito rispetto ad altri siti delle medesima categoria.<\/p>\n\n\n\n<p>Dati raccolti: identificativo del browser, data e\norario di interazione col sito, pagina di provenienza, indirizzo IP.<\/p>\n\n\n\n<p>Luogo di trattamento dei dati: Unione europea essendo attiva l\u2019anonimizzazione del servizio.<\/p>\n\n\n\n<p>I dati raccolti non consentono l&#8217;identificazione\npersonale degli utenti, e non sono incrociati con altre informazioni relative\nalla stessa persone. Sono&nbsp;<strong>trattati in forma<\/strong>&nbsp;<strong>aggregata e\nanonimizzati<\/strong>&nbsp;(troncati all&#8217;ultimo ottetto). In base ad apposito\naccordo (DPA) \u00e8 vietato a Google Inc. (responsabile del trattamento) l&#8217;incrocio\ndi tali dati con quelli ricavati da altri servizi.<\/p>\n\n\n\n<p>Ulteriori informazioni sui cookies di Google Analytics\nsi trovano alla pagina&nbsp;<a href=\"https:\/\/developers.google.com\/analytics\/devguides\/collection\/analyticsjs\/cookie-usage\" target=\"_blank\" rel=\"noreferrer noopener\">Google Analytics Cookie Usage on Websites<\/a>.&nbsp;<\/p>\n\n\n\n<p> L&#8217;utente pu\u00f2&nbsp;<strong>disabilitare<\/strong>&nbsp;(opt-out) in modo selettivo la raccolta dei dati da parte di Google Analytics&nbsp;installando sul proprio browser l&#8217;<a rel=\"noreferrer noopener\" href=\"https:\/\/tools.google.com\/dlpage\/gaoptout\" target=\"_blank\">apposito componente fornito da Google<\/a>&nbsp;(opt out).<\/p>\n\n\n\n<p> &#8211;&nbsp;<strong>Youtube<\/strong>: piattaforma, di propriet\u00e0 di Google, per la condivisione di video. I cookie sono impostati all&#8217;accesso della pagine contenente l&#8217;embed, e all&#8217;avvio del video, e non consentono l&#8217;identificazione dell&#8217;Utente a meno che non sia gi\u00e0 loggato nel profilo Google.<br \/> Per i video presenti sul sito \u00e8 stata attivata l&#8217;opzione&nbsp; &#8220;<a rel=\"noreferrer noopener\" href=\"https:\/\/support.google.com\/youtube\/answer\/171780?expand=PrivacyEnhancedMode#privacy\" target=\"_blank\">privacy avanzata<\/a>&nbsp;(no cookie)&#8221;&nbsp;che fa in modo che YouTube non memorizzi le informazioni sui visitatori a meno che non riproducano volontariamente il video.&nbsp;<br \/> Dati raccolti: numero e comportamento degli utenti del servizio, indirizzo IP, informazioni che collegano le visite al sito all&#8217;account Google per gli utenti gi\u00e0 loggati, preferenze sulla visualizzazione dei video.&nbsp;<br \/> Luogo di trattamento dei dati: USA.&nbsp;<\/p>\n\n\n\n<p><strong>Plugin Social Network<\/strong><\/p>\n\n\n\n<p>Il presente sito incorpora anche plugin e\/o bottoni al\nfine di consentire una facile condivisione dei contenuti sui vostri social\nnetwork preferiti. Quando visiti una pagina del nostro sito web che contiene un\nplugin, il tuo browser si collega direttamente ai server del social network da\ndove \u00e8 caricato il plugin, il quale server pu\u00f2 tracciare la tua visita al\nnostro sito web e, se del caso, associarla al tuo account del social, in\nparticolare se sei connesso al momento della visita o se hai recentemente\nnavigato in uno dei siti web contenenti plugin social. Se non desideri che il\nsocial network registri i dati relativi alla tua visita sul nostro sito web,\ndevi uscire dal tuo account del social e, probabilmente, eliminare i cookie che\nil social network ha installato nel tuo browser.<\/p>\n\n\n\n<p>Sul presente sito sono installati&nbsp;<strong>plugin con\nfunzioni di tutela avanzata della privacy degli Utenti<\/strong>, che non inviano\ncookie o accedono ai cookie presenti sul browser dell\u2019Utente all\u2019apertura della\npagina ma solo dopo il click sul plugin.<\/p>\n\n\n\n<p>La raccolta e l\u2019uso delle informazioni da parte di\ntali terzi sono regolati dalle rispettive informative privacy alle quali si\nprega di fare riferimento.<\/p>\n\n\n\n<p>&#8211;&nbsp;<a href=\"https:\/\/www.facebook.com\/about\/privacy\/\" target=\"_blank\" rel=\"noreferrer noopener\">Facebook<\/a>&nbsp;(<a href=\"https:\/\/www.facebook.com\/help\/cookies\/\" target=\"_blank\" rel=\"noreferrer noopener\">link informativa cookie<\/a>)<\/p>\n\n\n\n<p>&#8211;&nbsp;<a href=\"https:\/\/help.instagram.com\/196883487377501\" target=\"_blank\" rel=\"noreferrer noopener\">Instagram<\/a>&nbsp;\n(link&nbsp;<a href=\"https:\/\/help.instagram.com\/1896641480634370?ref=ig\" target=\"_blank\" rel=\"noreferrer noopener\">informativa cookie<\/a>)<\/p>\n\n\n\n<p><strong>Diritti dell&#8217;utente<\/strong><\/p>\n\n\n\n<p>Ai sensi del Regolamento europeo 679\/2016\n(GDPR)&nbsp;l&#8217;Utente pu\u00f2, secondo le modalit\u00e0 e nei limiti previsti dalla\nvigente normativa, esercitare i seguenti diritti:<\/p>\n\n\n\n<p>&#8211; conoscerne l&#8217;origine;<br \/>&#8211; opporsi in tutto o in parte, per motivi legittimi al trattamento dei dati personali che lo riguardano ai fini di invio di materiale pubblicitario o di vendita diretta o per il compimento di ricerche di mercato o di comunicazione commerciale;<br \/> &#8211; richiedere la conferma dell&#8217;esistenza di dati personali che lo riguardano (diritto di accesso);<\/p>\n\n\n\n<p>&#8211; riceverne\ncomunicazione intelligibile;<br \/>\n&#8211; avere informazioni circa la logica, le modalit\u00e0 e le finalit\u00e0 del\ntrattamento;<br \/>\n&#8211; richiederne l&#8217;aggiornamento, la rettifica, l&#8217;integrazione, la cancellazione,\nla trasformazione in forma anonima, il blocco dei dati trattati in violazione\ndi legge, ivi compresi quelli non pi\u00f9 necessari al perseguimento degli scopi\nper i quali sono stati raccolti;<br \/>\n&#8211; nei casi di trattamento basato su consenso, ricevere al solo costo\ndell\u2019eventuale supporto, i suoi dati forniti al titolare, in forma strutturata\ne leggibile da un elaboratore di dati e in un formato comunemente usato da un\ndispositivo elettronico;<br \/>\n&#8211; il diritto di presentare un reclamo all\u2019Autorit\u00e0 di controllo (Garante\nPrivacy \u2013&nbsp;<a href=\"http:\/\/www.garanteprivacy.it\/web\/guest\/home\/docweb\/-\/docweb-display\/docweb\/4535524\" target=\"_blank\" rel=\"noreferrer noopener\">link alla pagina del Garante<\/a>);<br \/>\n&#8211; nonch\u00e9, pi\u00f9 in generale, esercitare tutti i diritti che gli sono riconosciuti\ndalle vigenti disposizioni di legge.<\/p>\n\n\n\n<p>Le richieste vanno rivolte al Titolare del\ntrattamento.<\/p>\n\n\n\n<p><strong>Aggiornamenti<\/strong><\/p>\n\n\n\n<p>La presente privacy policy \u00e8 aggiornata alla data del 12 Giugno 2022.\u00a0<\/p>\n","protected":false},"excerpt":{"rendered":"<p>INFORMATIVA PRIVACY (semplificata) Lo scopo dell&#8217;informativa privacy \u00e8 di fornire la massima trasparenza relativamente alle informazioni che il sito raccoglie e come le usa. In ottemperanza degli obblighi derivanti dalla &hellip; <\/p>\n","protected":false},"author":1,"featured_media":0,"parent":0,"menu_order":0,"comment_status":"closed","ping_status":"closed","template":"","meta":{"footnotes":""},"class_list":["post-1015","page","type-page","status-publish","hentry"],"_links":{"self":[{"href":"http:\/\/www.extetika.it\/index.php?rest_route=\/wp\/v2\/pages\/1015","targetHints":{"allow":["GET"]}}],"collection":[{"href":"http:\/\/www.extetika.it\/index.php?rest_route=\/wp\/v2\/pages"}],"about":[{"href":"http:\/\/www.extetika.it\/index.php?rest_route=\/wp\/v2\/types\/page"}],"author":[{"embeddable":true,"href":"http:\/\/www.extetika.it\/index.php?rest_route=\/wp\/v2\/users\/1"}],"replies":[{"embeddable":true,"href":"http:\/\/www.extetika.it\/index.php?rest_route=%2Fwp%2Fv2%2Fcomments&post=1015"}],"version-history":[{"count":3,"href":"http:\/\/www.extetika.it\/index.php?rest_route=\/wp\/v2\/pages\/1015\/revisions"}],"predecessor-version":[{"id":1047,"href":"http:\/\/www.extetika.it\/index.php?rest_route=\/wp\/v2\/pages\/1015\/revisions\/1047"}],"wp:attachment":[{"href":"http:\/\/www.extetika.it\/index.php?rest_route=%2Fwp%2Fv2%2Fmedia&parent=1015"}],"curies":[{"name":"wp","href":"https:\/\/api.w.org\/{rel}","templated":true}]}}